{"id":1015,"date":"2019-09-11T12:09:10","date_gmt":"2019-09-11T10:09:10","guid":{"rendered":"https:\/\/www.dorotheedemonfreid.fr\/web\/edition\/"},"modified":"2025-10-07T19:02:46","modified_gmt":"2025-10-07T17:02:46","slug":"portfolio","status":"publish","type":"page","link":"https:\/\/www.dorotheedemonfreid.fr\/en\/portfolio\/","title":{"rendered":"Portfolio"},"content":{"rendered":"<div class=\"wpb-content-wrapper\">[vc_row thb_divider_position=&#8221;bottom&#8221; css=&#8221;.vc_custom_1597935138554{padding-right: 20px !important;padding-left: 20px !important;}&#8221; el_id=&#8221;grille-livres&#8221;][vc_column][vc_masonry_grid post_type=&#8221;portfolio&#8221; max_items=&#8221;150&#8243; show_filter=&#8221;yes&#8221; element_width=&#8221;2&#8243; gap=&#8221;20&#8243; filter_style=&#8221;default-less-rounded&#8221; filter_default_title=&#8221;Show All&#8221; filter_color=&#8221;black&#8221; filter_size=&#8221;sm&#8221; css=&#8221;&#8221; grid_id=&#8221;vc_gid:1759856475091-c1f58fbe-3c6c-1&#8243; taxonomies=&#8221;124, 49, 61&#8243; filter_source=&#8221;post_tag&#8221; exclude_filter=&#8221;72, 59, 64, 74, 69, 68, 66, 65, 70, 117, 104, 125, 126, 127, 48, 132&#8243;][\/vc_column][vc_column][vc_empty_space mobile_height=&#8221;50px&#8221;][\/vc_column][\/vc_row]\n<\/div>","protected":false},"excerpt":{"rendered":"<p>The doggies, Ada &#038; Rosie, The Philosophers, Coco, Chacha, The things of love, Mari moto and all the other characters created by Doroth\u00e9e de Monfreid. All her universe and her creations.<\/p>\n","protected":false},"author":2,"featured_media":0,"parent":0,"menu_order":0,"comment_status":"closed","ping_status":"closed","template":"page-portfolios.php","meta":{"_acf_changed":false,"footnotes":""},"class_list":["post-1015","page","type-page","status-publish","hentry"],"acf":[],"yoast_head":"<title>Portfolio de Doroth\u00e9e de Monfreid<\/title>\n<meta name=\"description\" content=\"Les toutous, Ada &amp; Rosie, Les P\u2019tits Philosophes, Coco, Chacha et les autres personnages cr\u00e9\u00e9s par Doroth\u00e9e de Monfreid. Tout son univers et ses cr\u00e9ations.\" \/>\n<meta name=\"robots\" content=\"index, follow, max-snippet:-1, max-image-preview:large, max-video-preview:-1\" \/>\n<link rel=\"canonical\" href=\"https:\/\/www.dorotheedemonfreid.fr\/en\/portfolio\/\" \/>\n<meta property=\"og:locale\" content=\"en_US\" \/>\n<meta property=\"og:type\" content=\"article\" \/>\n<meta property=\"og:title\" content=\"Portfolio de Doroth\u00e9e de Monfreid\" \/>\n<meta property=\"og:description\" content=\"Les toutous, Ada &amp; Rosie, Les P\u2019tits Philosophes, Coco, Chacha et les autres personnages cr\u00e9\u00e9s par Doroth\u00e9e de Monfreid. Tout son univers et ses cr\u00e9ations.\" \/>\n<meta property=\"og:url\" content=\"https:\/\/www.dorotheedemonfreid.fr\/en\/portfolio\/\" \/>\n<meta property=\"og:site_name\" content=\"Doroth\u00e9e de Monfreid\" \/>\n<meta property=\"article:publisher\" content=\"https:\/\/www.facebook.com\/DorotheeDeMonfreid\" \/>\n<meta property=\"article:modified_time\" content=\"2025-10-07T17:02:46+00:00\" \/>\n<meta property=\"og:image\" content=\"https:\/\/www.dorotheedemonfreid.fr\/web\/wp-content\/uploads\/2019\/04\/DorotheeDeMonfreid_Clic_Fb.jpg\" \/>\n\t<meta property=\"og:image:width\" content=\"1200\" \/>\n\t<meta property=\"og:image:height\" content=\"630\" \/>\n\t<meta property=\"og:image:type\" content=\"image\/jpeg\" \/>\n<meta name=\"twitter:card\" content=\"summary_large_image\" \/>\n<meta name=\"twitter:site\" content=\"@DdeMonfreid\" \/>\n<script type=\"application\/ld+json\" class=\"yoast-schema-graph\">{\"@context\":\"https:\\\/\\\/schema.org\",\"@graph\":[{\"@type\":\"WebPage\",\"@id\":\"https:\\\/\\\/www.dorotheedemonfreid.fr\\\/en\\\/portfolio\\\/\",\"url\":\"https:\\\/\\\/www.dorotheedemonfreid.fr\\\/en\\\/portfolio\\\/\",\"name\":\"Portfolio de Doroth\u00e9e de Monfreid\",\"isPartOf\":{\"@id\":\"https:\\\/\\\/www.dorotheedemonfreid.fr\\\/en\\\/#website\"},\"datePublished\":\"2019-09-11T10:09:10+00:00\",\"dateModified\":\"2025-10-07T17:02:46+00:00\",\"description\":\"Les toutous, Ada & Rosie, Les P\u2019tits Philosophes, Coco, Chacha et les autres personnages cr\u00e9\u00e9s par Doroth\u00e9e de Monfreid. Tout son univers et ses cr\u00e9ations.\",\"breadcrumb\":{\"@id\":\"https:\\\/\\\/www.dorotheedemonfreid.fr\\\/en\\\/portfolio\\\/#breadcrumb\"},\"inLanguage\":\"en-US\",\"potentialAction\":[{\"@type\":\"ReadAction\",\"target\":[\"https:\\\/\\\/www.dorotheedemonfreid.fr\\\/en\\\/portfolio\\\/\"]}]},{\"@type\":\"BreadcrumbList\",\"@id\":\"https:\\\/\\\/www.dorotheedemonfreid.fr\\\/en\\\/portfolio\\\/#breadcrumb\",\"itemListElement\":[{\"@type\":\"ListItem\",\"position\":1,\"name\":\"Accueil\",\"item\":\"https:\\\/\\\/www.dorotheedemonfreid.fr\\\/en\\\/\"},{\"@type\":\"ListItem\",\"position\":2,\"name\":\"Portfolio\"}]},{\"@type\":\"WebSite\",\"@id\":\"https:\\\/\\\/www.dorotheedemonfreid.fr\\\/en\\\/#website\",\"url\":\"https:\\\/\\\/www.dorotheedemonfreid.fr\\\/en\\\/\",\"name\":\"Doroth\u00e9e de Monfreid\",\"description\":\"dessins, histoires \\\/ drawings, stories\",\"publisher\":{\"@id\":\"https:\\\/\\\/www.dorotheedemonfreid.fr\\\/en\\\/#\\\/schema\\\/person\\\/513493f2fb6369b01bf14a596da2d961\"},\"potentialAction\":[{\"@type\":\"SearchAction\",\"target\":{\"@type\":\"EntryPoint\",\"urlTemplate\":\"https:\\\/\\\/www.dorotheedemonfreid.fr\\\/en\\\/?s={search_term_string}\"},\"query-input\":{\"@type\":\"PropertyValueSpecification\",\"valueRequired\":true,\"valueName\":\"search_term_string\"}}],\"inLanguage\":\"en-US\"},{\"@type\":[\"Person\",\"Organization\"],\"@id\":\"https:\\\/\\\/www.dorotheedemonfreid.fr\\\/en\\\/#\\\/schema\\\/person\\\/513493f2fb6369b01bf14a596da2d961\",\"name\":\"Doroth\u00e9e\",\"image\":{\"@type\":\"ImageObject\",\"inLanguage\":\"en-US\",\"@id\":\"https:\\\/\\\/www.dorotheedemonfreid.fr\\\/web\\\/wp-content\\\/uploads\\\/2019\\\/04\\\/Dorothee-de-Monfreid-site.jpg\",\"url\":\"https:\\\/\\\/www.dorotheedemonfreid.fr\\\/web\\\/wp-content\\\/uploads\\\/2019\\\/04\\\/Dorothee-de-Monfreid-site.jpg\",\"contentUrl\":\"https:\\\/\\\/www.dorotheedemonfreid.fr\\\/web\\\/wp-content\\\/uploads\\\/2019\\\/04\\\/Dorothee-de-Monfreid-site.jpg\",\"width\":675,\"height\":675,\"caption\":\"Doroth\u00e9e\"},\"logo\":{\"@id\":\"https:\\\/\\\/www.dorotheedemonfreid.fr\\\/web\\\/wp-content\\\/uploads\\\/2019\\\/04\\\/Dorothee-de-Monfreid-site.jpg\"},\"description\":\"site officiel\",\"sameAs\":[\"https:\\\/\\\/www.dorotheedemonfreid.fr\\\/\",\"https:\\\/\\\/www.facebook.com\\\/DorotheeDeMonfreid\",\"https:\\\/\\\/www.instagram.com\\\/dorotheedemonfreid\\\/\",\"https:\\\/\\\/x.com\\\/DdeMonfreid\"]}]}<\/script>","yoast_head_json":{"title":"Portfolio de Doroth\u00e9e de Monfreid","description":"Les toutous, Ada & Rosie, Les P\u2019tits Philosophes, Coco, Chacha et les autres personnages cr\u00e9\u00e9s par Doroth\u00e9e de Monfreid. Tout son univers et ses cr\u00e9ations.","robots":{"index":"index","follow":"follow","max-snippet":"max-snippet:-1","max-image-preview":"max-image-preview:large","max-video-preview":"max-video-preview:-1"},"canonical":"https:\/\/www.dorotheedemonfreid.fr\/en\/portfolio\/","og_locale":"en_US","og_type":"article","og_title":"Portfolio de Doroth\u00e9e de Monfreid","og_description":"Les toutous, Ada & Rosie, Les P\u2019tits Philosophes, Coco, Chacha et les autres personnages cr\u00e9\u00e9s par Doroth\u00e9e de Monfreid. Tout son univers et ses cr\u00e9ations.","og_url":"https:\/\/www.dorotheedemonfreid.fr\/en\/portfolio\/","og_site_name":"Doroth\u00e9e de Monfreid","article_publisher":"https:\/\/www.facebook.com\/DorotheeDeMonfreid","article_modified_time":"2025-10-07T17:02:46+00:00","og_image":[{"width":1200,"height":630,"url":"https:\/\/www.dorotheedemonfreid.fr\/web\/wp-content\/uploads\/2019\/04\/DorotheeDeMonfreid_Clic_Fb.jpg","type":"image\/jpeg"}],"twitter_card":"summary_large_image","twitter_site":"@DdeMonfreid","schema":{"@context":"https:\/\/schema.org","@graph":[{"@type":"WebPage","@id":"https:\/\/www.dorotheedemonfreid.fr\/en\/portfolio\/","url":"https:\/\/www.dorotheedemonfreid.fr\/en\/portfolio\/","name":"Portfolio de Doroth\u00e9e de Monfreid","isPartOf":{"@id":"https:\/\/www.dorotheedemonfreid.fr\/en\/#website"},"datePublished":"2019-09-11T10:09:10+00:00","dateModified":"2025-10-07T17:02:46+00:00","description":"Les toutous, Ada & Rosie, Les P\u2019tits Philosophes, Coco, Chacha et les autres personnages cr\u00e9\u00e9s par Doroth\u00e9e de Monfreid. Tout son univers et ses cr\u00e9ations.","breadcrumb":{"@id":"https:\/\/www.dorotheedemonfreid.fr\/en\/portfolio\/#breadcrumb"},"inLanguage":"en-US","potentialAction":[{"@type":"ReadAction","target":["https:\/\/www.dorotheedemonfreid.fr\/en\/portfolio\/"]}]},{"@type":"BreadcrumbList","@id":"https:\/\/www.dorotheedemonfreid.fr\/en\/portfolio\/#breadcrumb","itemListElement":[{"@type":"ListItem","position":1,"name":"Accueil","item":"https:\/\/www.dorotheedemonfreid.fr\/en\/"},{"@type":"ListItem","position":2,"name":"Portfolio"}]},{"@type":"WebSite","@id":"https:\/\/www.dorotheedemonfreid.fr\/en\/#website","url":"https:\/\/www.dorotheedemonfreid.fr\/en\/","name":"Doroth\u00e9e de Monfreid","description":"dessins, histoires \/ drawings, stories","publisher":{"@id":"https:\/\/www.dorotheedemonfreid.fr\/en\/#\/schema\/person\/513493f2fb6369b01bf14a596da2d961"},"potentialAction":[{"@type":"SearchAction","target":{"@type":"EntryPoint","urlTemplate":"https:\/\/www.dorotheedemonfreid.fr\/en\/?s={search_term_string}"},"query-input":{"@type":"PropertyValueSpecification","valueRequired":true,"valueName":"search_term_string"}}],"inLanguage":"en-US"},{"@type":["Person","Organization"],"@id":"https:\/\/www.dorotheedemonfreid.fr\/en\/#\/schema\/person\/513493f2fb6369b01bf14a596da2d961","name":"Doroth\u00e9e","image":{"@type":"ImageObject","inLanguage":"en-US","@id":"https:\/\/www.dorotheedemonfreid.fr\/web\/wp-content\/uploads\/2019\/04\/Dorothee-de-Monfreid-site.jpg","url":"https:\/\/www.dorotheedemonfreid.fr\/web\/wp-content\/uploads\/2019\/04\/Dorothee-de-Monfreid-site.jpg","contentUrl":"https:\/\/www.dorotheedemonfreid.fr\/web\/wp-content\/uploads\/2019\/04\/Dorothee-de-Monfreid-site.jpg","width":675,"height":675,"caption":"Doroth\u00e9e"},"logo":{"@id":"https:\/\/www.dorotheedemonfreid.fr\/web\/wp-content\/uploads\/2019\/04\/Dorothee-de-Monfreid-site.jpg"},"description":"site officiel","sameAs":["https:\/\/www.dorotheedemonfreid.fr\/","https:\/\/www.facebook.com\/DorotheeDeMonfreid","https:\/\/www.instagram.com\/dorotheedemonfreid\/","https:\/\/x.com\/DdeMonfreid"]}]}},"_links":{"self":[{"href":"https:\/\/www.dorotheedemonfreid.fr\/en\/wp-json\/wp\/v2\/pages\/1015","targetHints":{"allow":["GET"]}}],"collection":[{"href":"https:\/\/www.dorotheedemonfreid.fr\/en\/wp-json\/wp\/v2\/pages"}],"about":[{"href":"https:\/\/www.dorotheedemonfreid.fr\/en\/wp-json\/wp\/v2\/types\/page"}],"author":[{"embeddable":true,"href":"https:\/\/www.dorotheedemonfreid.fr\/en\/wp-json\/wp\/v2\/users\/2"}],"replies":[{"embeddable":true,"href":"https:\/\/www.dorotheedemonfreid.fr\/en\/wp-json\/wp\/v2\/comments?post=1015"}],"version-history":[{"count":0,"href":"https:\/\/www.dorotheedemonfreid.fr\/en\/wp-json\/wp\/v2\/pages\/1015\/revisions"}],"wp:attachment":[{"href":"https:\/\/www.dorotheedemonfreid.fr\/en\/wp-json\/wp\/v2\/media?parent=1015"}],"curies":[{"name":"wp","href":"https:\/\/api.w.org\/{rel}","templated":true}]}}